{"id":2612,"date":"2024-08-05T13:49:04","date_gmt":"2024-08-05T13:49:04","guid":{"rendered":"https:\/\/homesrub.com\/?page_id=2612"},"modified":"2024-11-11T21:19:35","modified_gmt":"2024-11-11T21:19:35","slug":"domy-szkieletowe","status":"publish","type":"page","link":"https:\/\/homesrub.com\/hu\/domy-szkieletowe\/","title":{"rendered":"Keretes h\u00e1zak"},"content":{"rendered":"<div data-elementor-type=\"wp-page\" data-elementor-id=\"2612\" class=\"elementor elementor-2612\" data-elementor-post-type=\"page\">\n\t\t\t\t<div data-particle_enable=\"false\" data-particle-mobile-disabled=\"false\" class=\"elementor-element elementor-element-1771032 e-flex e-con-boxed e-con e-parent\" data-id=\"1771032\" data-element_type=\"container\">\n\t\t\t\t\t<div class=\"e-con-inner\">\n\t\t\t\t<div class=\"elementor-element elementor-element-7bdd3bc elementor-widget elementor-widget-larson-intro\" data-id=\"7bdd3bc\" data-element_type=\"widget\" data-widget_type=\"larson-intro.default\">\n\t\t\t\t<div class=\"elementor-widget-container\">\n\t\t\t\t\t\n\t\t<article class=\"article\">\n\t        <header class=\"article__header\">\n\t          <div class=\"container\">\n\t            \t            <h1 class=\"article__heading heading heading--size-large\">\n\t            \t<span >\n\t\t\t\t\t\tA legjobb h\u00e1zak              <br>\n              <span class=\"color-yellow\">csontv\u00e1z<\/span> Lengyelorsz\u00e1gban!\t\t\t\t\t<\/span>\n\t            <\/h1>\n\t            \t            \t          <\/div>\n\t        <\/header>\n\t        \t    <\/article>\n\n\t\t\t\t\t\t<\/div>\n\t\t\t\t<\/div>\n\t\t\t\t<div class=\"elementor-element elementor-element-103c1fc elementor-widget elementor-widget-larson-about-description\" data-id=\"103c1fc\" data-element_type=\"widget\" data-widget_type=\"larson-about-description.default\">\n\t\t\t\t<div class=\"elementor-widget-container\">\n\t\t\t\t\t\n\t\t<section class=\"webpage__about-block about-block about-block--columns\">\n          <div class=\"about-block__inner container\">\n                                    <div class=\"about-block__main\">\n                            <div class=\"about-block__text\" data-aos=\"fade\">\n                <div >\n\t\t\t\t\tFedezze fel a fav\u00e1zas h\u00e1zak el\u0151nyeit a HOMESRUB seg\u00edts\u00e9g\u00e9vel. Energiahat\u00e9kony \u00e9s k\u00f6rnyezetbar\u00e1t h\u00e1zaink a modernit\u00e1st, a tart\u00f3ss\u00e1got \u00e9s az egyedi st\u00edlust \u00f6tv\u00f6zik. \u00c1tfog\u00f3 szolg\u00e1ltat\u00e1st ny\u00fajtunk a tervez\u00e9st\u0151l az \u00e9p\u00edt\u00e9sen \u00e1t a bels\u0151\u00e9p\u00edt\u00e9szetig.<\/br><\/br>A kiv\u00e1l\u00f3 min\u0151s\u00e9g\u0171 anyagok \u00e9s a modern technol\u00f3gia haszn\u00e1lat\u00e1nak k\u00f6sz\u00f6nhet\u0151en h\u00e1zaink hossz\u00fa \u00e9vekre garant\u00e1lj\u00e1k a k\u00e9nyelmet \u00e9s a biztons\u00e1got.\t\t\t\t<\/div>\n              <\/div>\n                                          <blockquote class=\"about-block__quote\" data-aos=\"fade\">\n              \t<span >\n\t\t\t\t\tR\u00f6nkfa h\u00e1zak - az \u00f6kol\u00f3giai elegancia, a tart\u00f3ss\u00e1g \u00e9s a k\u00e9nyelem kombin\u00e1ci\u00f3ja.<\/br>Nemzed\u00e9keken \u00e1t fog tartani, t\u00f6k\u00e9letes helyet teremtve az \u00e9lethez.\t\t\t\t<\/span>\n\t\t\t\t<span class=\"sep\"><svg viewbox='0 0 83 62' fill='none' xmlns='http:\/\/www.w3.org\/2000\/svg'><path d='M18.6.2c6.267 0 11 2.267 14.2 6.8 3.333 4.4 5 9.667 5 15.8 0 8.267-2.467 15.933-7.4 23-4.8 7.067-10.867 12.333-18.2 15.8L.4 52.2c5.333-2.133 10-5.067 14-8.8 4-3.867 6.733-7.867 8.2-12l-1-.6c-.667.533-1.467.933-2.4 1.2-.933.267-2.267.4-4 .4-3.067 0-6.2-1.2-9.4-3.6-3.067-2.533-4.6-6.333-4.6-11.4 0-5.333 1.733-9.533 5.2-12.6S13.933.2 18.6.2zm44.8 0c6.267 0 11 2.267 14.2 6.8 3.333 4.4 5 9.667 5 15.8 0 8.267-2.467 15.933-7.4 23-4.8 7.067-10.867 12.333-18.2 15.8l-11.8-9.4c5.333-2.133 10-5.067 14-8.8 4-3.867 6.733-7.867 8.2-12l-1-.6c-.667.533-1.467.933-2.4 1.2-.933.267-2.267.4-4 .4-3.067 0-6.2-1.2-9.4-3.6-3.067-2.533-4.6-6.333-4.6-11.4 0-5.333 1.733-9.533 5.2-12.6S58.733.2 63.4.2z' fill='#ffb74d'\/><\/svg><\/span>\n              <\/blockquote>\n                          <\/div>\n                      <\/div>\n        <\/section>\n\n\t\t\t\t\t\t<\/div>\n\t\t\t\t<\/div>\n\t\t\t\t<div class=\"elementor-element elementor-element-3808818 elementor-skin-carousel elementor-arrows-yes elementor-pagination-type-bullets elementor-pagination-position-outside elementor-widget elementor-widget-media-carousel\" data-id=\"3808818\" data-element_type=\"widget\" data-settings=\"{&quot;skin&quot;:&quot;carousel&quot;,&quot;effect&quot;:&quot;slide&quot;,&quot;show_arrows&quot;:&quot;yes&quot;,&quot;pagination&quot;:&quot;bullets&quot;,&quot;speed&quot;:500,&quot;autoplay&quot;:&quot;yes&quot;,&quot;autoplay_speed&quot;:5000,&quot;loop&quot;:&quot;yes&quot;,&quot;pause_on_hover&quot;:&quot;yes&quot;,&quot;pause_on_interaction&quot;:&quot;yes&quot;,&quot;space_between&quot;:{&quot;unit&quot;:&quot;px&quot;,&quot;size&quot;:10,&quot;sizes&quot;:[]},&quot;space_between_tablet&quot;:{&quot;unit&quot;:&quot;px&quot;,&quot;size&quot;:10,&quot;sizes&quot;:[]},&quot;space_between_mobile&quot;:{&quot;unit&quot;:&quot;px&quot;,&quot;size&quot;:10,&quot;sizes&quot;:[]}}\" data-widget_type=\"media-carousel.default\">\n\t\t\t\t<div class=\"elementor-widget-container\">\n\t\t\t\t\t\t\t<div class=\"elementor-swiper\">\n\t\t\t<div class=\"elementor-main-swiper swiper-container\">\n\t\t\t\t<div class=\"swiper-wrapper\">\n\t\t\t\t\t\t\t\t\t\t\t<div class=\"swiper-slide\">\n\t\t\t\t\t\t\t\t\t<div class=\"elementor-carousel-image\" role=\"img\" aria-label=\"FilesZ500-res-wizualizacje-Z68-Z68_view1_jpg\" style=\"background-image: url(&#039;https:\/\/homesrub.com\/wp-content\/uploads\/2024\/10\/FilesZ500-res-wizualizacje-Z68-Z68_view1_jpg.jpg&#039;)\">\n\n\t\t\t\n\t\t\t\t\t<\/div>\n\t\t\t\t\t\t\t\t<\/div>\n\t\t\t\t\t\t\t\t\t\t\t<div class=\"swiper-slide\">\n\t\t\t\t\t\t\t\t\t<div class=\"elementor-carousel-image\" role=\"img\" aria-label=\"180\" style=\"background-image: url(&#039;https:\/\/homesrub.com\/wp-content\/uploads\/2024\/10\/180.jpg&#039;)\">\n\n\t\t\t\n\t\t\t\t\t<\/div>\n\t\t\t\t\t\t\t\t<\/div>\n\t\t\t\t\t\t\t\t\t\t\t<div class=\"swiper-slide\">\n\t\t\t\t\t\t\t\t\t<div class=\"elementor-carousel-image\" role=\"img\" aria-label=\"HK150-1\" style=\"background-image: url(&#039;https:\/\/homesrub.com\/wp-content\/uploads\/2024\/10\/HK150-1.jpg&#039;)\">\n\n\t\t\t\n\t\t\t\t\t<\/div>\n\t\t\t\t\t\t\t\t<\/div>\n\t\t\t\t\t\t\t\t\t\t\t<div class=\"swiper-slide\">\n\t\t\t\t\t\t\t\t\t<div class=\"elementor-carousel-image\" role=\"img\" aria-label=\"135\" style=\"background-image: url(&#039;https:\/\/homesrub.com\/wp-content\/uploads\/2024\/10\/135.jpg&#039;)\">\n\n\t\t\t\n\t\t\t\t\t<\/div>\n\t\t\t\t\t\t\t\t<\/div>\n\t\t\t\t\t\t\t\t\t\t\t<div class=\"swiper-slide\">\n\t\t\t\t\t\t\t\t\t<div class=\"elementor-carousel-image\" role=\"img\" aria-label=\"110-3\" style=\"background-image: url(&#039;https:\/\/homesrub.com\/wp-content\/uploads\/2024\/10\/110-3.jpg&#039;)\">\n\n\t\t\t\n\t\t\t\t\t<\/div>\n\t\t\t\t\t\t\t\t<\/div>\n\t\t\t\t\t\t\t\t\t\t\t<div class=\"swiper-slide\">\n\t\t\t\t\t\t\t\t\t<div class=\"elementor-carousel-image\" role=\"img\" aria-label=\"82-2\" style=\"background-image: url(&#039;https:\/\/homesrub.com\/wp-content\/uploads\/2024\/10\/82-2.jpg&#039;)\">\n\n\t\t\t\n\t\t\t\t\t<\/div>\n\t\t\t\t\t\t\t\t<\/div>\n\t\t\t\t\t\t\t\t\t<\/div>\n\t\t\t\t\t\t\t\t\t\t\t\t\t\t\t<div class=\"swiper-pagination\"><\/div>\n\t\t\t\t\t\t\t\t\t\t\t\t\t\t\t\t<div class=\"elementor-swiper-button elementor-swiper-button-prev\" role=\"button\" tabindex=\"0\">\n\t\t\t\t\t\t\t<svg aria-hidden=\"true\" class=\"e-font-icon-svg e-eicon-chevron-left\" viewbox=\"0 0 1000 1000\" xmlns=\"http:\/\/www.w3.org\/2000\/svg\"><path d=\"M646 125C629 125 613 133 604 142L308 442C296 454 292 471 292 487 292 504 296 521 308 533L604 854C617 867 629 875 646 875 663 875 679 871 692 858 704 846 713 829 713 812 713 796 708 779 692 767L438 487 692 225C700 217 708 204 708 187 708 171 704 154 692 142 675 129 663 125 646 125Z\"><\/path><\/svg>\t\t\t\t\t\t\t<span class=\"elementor-screen-only\">El\u0151z\u0151<\/span>\n\t\t\t\t\t\t<\/div>\n\t\t\t\t\t\t<div class=\"elementor-swiper-button elementor-swiper-button-next\" role=\"button\" tabindex=\"0\">\n\t\t\t\t\t\t\t<svg aria-hidden=\"true\" class=\"e-font-icon-svg e-eicon-chevron-right\" viewbox=\"0 0 1000 1000\" xmlns=\"http:\/\/www.w3.org\/2000\/svg\"><path d=\"M696 533C708 521 713 504 713 487 713 471 708 454 696 446L400 146C388 133 375 125 354 125 338 125 325 129 313 142 300 154 292 171 292 187 292 204 296 221 308 233L563 492 304 771C292 783 288 800 288 817 288 833 296 850 308 863 321 871 338 875 354 875 371 875 388 867 400 854L696 533Z\"><\/path><\/svg>\t\t\t\t\t\t\t<span class=\"elementor-screen-only\">K\u00f6vetkez\u0151<\/span>\n\t\t\t\t\t\t<\/div>\n\t\t\t\t\t\t\t\t\t\t\t\t<\/div>\n\t\t<\/div>\n\t\t\t\t\t\t<\/div>\n\t\t\t\t<\/div>\n\t\t\t\t<div class=\"elementor-element elementor-element-1302481 elementor-widget elementor-widget-larson-service-description\" data-id=\"1302481\" data-element_type=\"widget\" data-widget_type=\"larson-service-description.default\">\n\t\t\t\t<div class=\"elementor-widget-container\">\n\t\t\t\t\t\n\t\t\t\t<div class=\"article__main article__main--width-small container\">\n          <div class=\"single-service-block\">\n          \t<div >\n\t\t\t\t<h2>A fav\u00e1zas h\u00e1zak el\u0151nyei<\/h2><p>A fakeretes h\u00e1zak, m\u00e1s n\u00e9ven kanadai h\u00e1zak, sz\u00e1mos el\u0151ny\u00fck miatt egyre n\u00e9pszer\u0171bbek. \u00cdme ezek k\u00f6z\u00fcl a legfontosabbak:<\/p><ol><li><p><strong>Energiahat\u00e9konys\u00e1g<\/strong>: A kiv\u00e1l\u00f3 min\u0151s\u00e9g\u0171 szigetel\u0151anyagok haszn\u00e1lat\u00e1nak k\u00f6sz\u00f6nhet\u0151en a fav\u00e1zas h\u00e1zak kiv\u00e1l\u00f3 h\u0151szigetel\u00e9st biztos\u00edtanak. Ez seg\u00edt fenntartani a megfelel\u0151 h\u0151m\u00e9rs\u00e9kletet az \u00e9p\u00fcleten bel\u00fcl, ami t\u00e9len alacsonyabb f\u0171t\u00e9si, ny\u00e1ron pedig h\u0171t\u00e9si k\u00f6lts\u00e9geket eredm\u00e9nyez.<\/p><\/li><li><p><strong>\u00d6kol\u00f3gia<\/strong>: A fav\u00e1zas h\u00e1zak k\u00f6rnyezetbar\u00e1tok. A fa meg\u00fajul\u00f3 anyag, \u00e9s haszn\u00e1lata cs\u00f6kkenti a sz\u00e9n-dioxid-kibocs\u00e1t\u00e1st a hagyom\u00e1nyos \u00e9p\u00edt\u0151anyagokhoz, p\u00e9ld\u00e1ul a betonhoz vagy a t\u00e9gl\u00e1hoz k\u00e9pest.<\/p><\/li><li><p><strong>Tart\u00f3ss\u00e1g \u00e9s robusztuss\u00e1g<\/strong>: A modern fafeldolgoz\u00e1si technol\u00f3gi\u00e1k \u00e9s a fejlett \u00e9p\u00edt\u00e9si m\u00f3dszerek biztos\u00edtj\u00e1k a fav\u00e1zas h\u00e1zak tart\u00f3ss\u00e1g\u00e1t \u00e9s szil\u00e1rds\u00e1g\u00e1t. Megfelel\u0151 karbantart\u00e1s mellett t\u00f6bb gener\u00e1ci\u00f3n \u00e1t is megmaradhatnak.<\/p><\/li><li><p><strong>Az \u00e9p\u00edt\u00e9s sebess\u00e9ge<\/strong>: A fav\u00e1zas h\u00e1zak \u00e9p\u00edt\u00e9si ideje jelent\u0151sen r\u00f6videbb, mint a hagyom\u00e1nyos falazott \u00e9p\u00fcletek\u00e9. Az elemek gy\u00e1rban t\u00f6rt\u00e9n\u0151 el\u0151regy\u00e1rt\u00e1s\u00e1nak k\u00f6sz\u00f6nhet\u0151en az \u00e9p\u00edtkez\u00e9s n\u00e9h\u00e1ny h\u00f3nap alatt befejezhet\u0151.<\/p><\/li><li><p><strong>Rugalmass\u00e1g a tervez\u00e9sben<\/strong>: A fav\u00e1zas h\u00e1zak k\u00f6nnyen testre szabhat\u00f3k. A modul\u00e1ris fel\u00e9p\u00edt\u00e9s lehet\u0151v\u00e9 teszi a b\u0151v\u00edt\u00e9st \u00e9s a m\u00f3dos\u00edt\u00e1st, hogy egyedi \u00e9s funkcion\u00e1lis tereket hozzanak l\u00e9tre.<\/p><\/li><\/ol><h2>\u00a0<\/h2><h2><strong>Milyen k\u00f6lts\u00e9gekkel j\u00e1r egy fav\u00e1zas h\u00e1z \u00e9p\u00edt\u00e9se?<\/strong><\/h2><p>Egy fav\u00e1zas h\u00e1z \u00e9p\u00edt\u00e9si k\u00f6lts\u00e9ge k\u00f6r\u00fclbel\u00fcl 850 eur\u00f3 n\u00e9gyzetm\u00e9terenk\u00e9nt. A v\u00e9gs\u0151 \u00e1r a v\u00e1lasztott anyagokt\u00f3l \u00e9s a projekt \u00f6sszetetts\u00e9g\u00e9t\u0151l f\u00fcgg\u0151en v\u00e1ltozhat.<\/p><h2><strong>Mennyi ideig tart egy fav\u00e1zas h\u00e1z \u00e9p\u00edt\u00e9se?<\/strong><\/h2><p>Az elemek el\u0151regy\u00e1rt\u00e1s\u00e1nak k\u00f6sz\u00f6nhet\u0151en az \u00e9p\u00edt\u00e9si id\u0151 jelent\u0151sen cs\u00f6kken. Az \u00e9p\u00edt\u00e9s \u00e1ltal\u00e1ban t\u00f6bb h\u00f3napt\u00f3l egy \u00e9vig tart, a projekt \u00f6sszetetts\u00e9g\u00e9t\u0151l \u00e9s az id\u0151j\u00e1r\u00e1si viszonyokt\u00f3l f\u00fcgg\u0151en.<\/p><h2><strong>Milyen garanci\u00e1k vannak a fav\u00e1zas h\u00e1zakra?<\/strong><\/h2><p>Minden otthonunkra 10 \u00e9v garanci\u00e1t v\u00e1llalunk, ami tov\u00e1bbi bizalmat ad a min\u0151s\u00e9g\u00fck \u00e9s tart\u00f3ss\u00e1guk ir\u00e1nt.<\/p><h2><strong>Alkalmazhatom a h\u00e1z terv\u00e9t az ig\u00e9nyeimhez?<\/strong><\/h2><p>Igen, testreszabott lakberendez\u00e9st k\u00edn\u00e1lunk. \u00c9p\u00edt\u00e9szm\u00e9rn\u00f6keink az \u00d6n ig\u00e9nyei szerint \u00e1talak\u00edthatj\u00e1k a megl\u00e9v\u0151 terveket, vagy \u00faj terveket k\u00e9sz\u00edthetnek.<\/p><h2><strong>Milyen el\u0151nyei vannak a ragasztott fa h\u00e1zaknak?<\/strong><\/h2><p>A ragasztott lemezb\u0151l k\u00e9sz\u00fclt h\u00e1zak kiv\u00e1l\u00f3 h\u0151- \u00e9s hangszigetel\u00e9ssel rendelkeznek, \u00f6kol\u00f3giailag tiszt\u00e1k \u00e9s nagyon tart\u00f3sak. Az ilyen h\u00e1zak \u00e9p\u00edt\u00e9se kevesebb id\u0151t vesz ig\u00e9nybe, mivel az anyagokat el\u0151re, a gy\u00e1rban k\u00e9sz\u00edtik el\u0151.<\/p><h4>\u00a0<\/h4><h3><strong>\u00c1tfog\u00f3 szolg\u00e1ltat\u00e1s:<\/strong><\/h3><ul><li><strong>Tervez\u00e9s<\/strong>: \u00c9p\u00edt\u00e9szcsapatunk olyan otthont tervez, amely megfelel az \u00d6n elv\u00e1r\u00e1sainak.<\/li><li><strong>\u00c9p\u00edt\u00e9s<\/strong>: H\u00e1zak \u00e9p\u00edt\u00e9s\u00e9t v\u00e9gezz\u00fck Eur\u00f3pa-szerte, minden r\u00e9szletre \u00fcgyelve.<\/li><li><strong>Kandall\u00f3k<\/strong>: Olyan st\u00edlusos \u00f6nt\u00f6ttvas kandall\u00f3kat szerel\u00fcnk, amelyek az eszt\u00e9tik\u00e1t a funkcionalit\u00e1ssal \u00f6tv\u00f6zik.<\/li><li><strong>Szaun\u00e1k<\/strong>: Egyedi szaun\u00e1kat k\u00e9sz\u00edt\u00fcnk term\u00e9szetes anyagokb\u00f3l, amelyek garant\u00e1lj\u00e1k a pihen\u00e9st \u00e9s a k\u00e9nyelmet.<\/li><li><strong>V\u00edzell\u00e1t\u00e1s<\/strong>: Tiszta vizet biztos\u00edtunk f\u00fart kutakb\u00f3l, egy\u00e9ni ig\u00e9nyekre szabottan.<\/li><li><strong>Ker\u00edt\u00e9sek<\/strong>: Term\u00e9szetes k\u0151b\u0151l, f\u00e9mb\u0151l \u00e9s f\u00e1b\u00f3l k\u00e9sz\u00fclt ker\u00edt\u00e9seket tervez\u00fcnk \u00e9s telep\u00edt\u00fcnk, amelyek kiemelik otthona egy\u00e9nis\u00e9g\u00e9t.<\/li><li><strong>B\u00fator<\/strong>: K\u00e9zzel k\u00e9sz\u00edtett t\u00f6m\u00f6rfa b\u00fatorok az \u00d6n bels\u0151 ter\u00e9hez igaz\u00edtva.<\/li><li><strong>Red\u0151ny\u00f6k<\/strong>: St\u00edlusos \u00e9s funkcion\u00e1lis red\u0151ny\u00f6k, amelyek v\u00e9dik \u00e9s d\u00edsz\u00edtik otthon\u00e1t.<\/li><\/ul><p><strong>A v\u00e9grehajt\u00e1s szakaszai:<\/strong><\/p><ol><li><strong>Jelentkez\u00e9s a honlapon kereszt\u00fcl vagy telefonon<\/strong>: A rendel\u00e9s lead\u00e1sa m\u00e9g soha nem volt ilyen egyszer\u0171! Egyszer\u0171en l\u00e9pjen kapcsolatba vel\u00fcnk weboldalunkon kereszt\u00fcl vagy telefonon.<\/li><li><strong>Ingyenes \u00e9rt\u00e9kel\u00e9s<\/strong>: Ingyenes k\u00f6lts\u00e9gbecsl\u00e9st k\u00edn\u00e1lunk! Szakembereink a lehet\u0151 legr\u00f6videbb id\u0151n bel\u00fcl vonz\u00f3 kereskedelmi aj\u00e1nlatot k\u00e9sz\u00edtenek \u00d6nnek.<\/li><li><strong>A szerz\u0151d\u00e9s megk\u00f6t\u00e9se<\/strong>: Miut\u00e1n minden r\u00e9szletet megbesz\u00e9lt\u00fcnk \u00e9s a k\u00f6lts\u00e9gbecsl\u00e9st j\u00f3v\u00e1hagytuk, a szerz\u0151d\u00e9s megk\u00f6t\u00e9s\u00e9re ker\u00fcl sor.<\/li><li><strong>Tervez\u00e9s<\/strong>: A szerz\u0151d\u00e9s al\u00e1\u00edr\u00e1s\u00e1t \u00e9s az el\u0151leg befizet\u00e9s\u00e9t k\u00f6vet\u0151en tapasztalt \u00e9p\u00edt\u00e9szeink megkezdik \u00e1lmai otthon\u00e1nak megtervez\u00e9s\u00e9t.<\/li><li><strong>\u00c9p\u00edt\u00e9s<\/strong>: Miut\u00e1n a projektet j\u00f3v\u00e1hagyt\u00e1k, szakembereink megkezdik az otthon\u00e1nak \u00e9p\u00edt\u00e9s\u00e9t, minden r\u00e9szletre \u00fcgyelve, hogy minden elv\u00e1r\u00e1s\u00e1nak megfeleljen.<\/li><\/ol><p>Fektessen be az eg\u00e9szs\u00e9g\u00e9be, \u00e9s \u00e9ljen k\u00f6rnyezetbar\u00e1t, energiatakar\u00e9kos \u00e9s gy\u00f6ny\u00f6r\u0171 fah\u00e1zban! Vegye fel vel\u00fcnk a kapcsolatot, \u00e9s mutassa be nek\u00fcnk projektj\u00e9t. Garant\u00e1ljuk az \u00e1tfog\u00f3 egy\u00fcttm\u0171k\u00f6d\u00e9st \u00e9s a hat\u00e1rid\u0151re t\u00f6rt\u00e9n\u0151 sz\u00e1ll\u00edt\u00e1st. T\u00f6ltse ki a kapcsolatfelv\u00e9teli \u0171rlapot, vagy h\u00edvjon minket, ha t\u00f6bbet szeretne megtudni.<\/p>\t\t\t<\/div>\n\t\t  <\/div>\n\t\t<\/div>\n\t\t\n\t\t\t\t\t\t<\/div>\n\t\t\t\t<\/div>\n\t\t\t\t\t<\/div>\n\t\t\t\t<\/div>\n\t\t\t\t<\/div>","protected":false},"excerpt":{"rendered":"<p>A legjobb fah\u00e1zak Lengyelorsz\u00e1gban! Fedezze fel a fav\u00e1zas h\u00e1zak el\u0151nyeit a HOMESRUB seg\u00edts\u00e9g\u00e9vel. Energiahat\u00e9kony \u00e9s k\u00f6rnyezetbar\u00e1t h\u00e1zainkban a modernit\u00e1s, a tart\u00f3ss\u00e1g \u00e9s az egyedi st\u00edlus \u00f6tv\u00f6z\u0151dik. \u00c1tfog\u00f3 szolg\u00e1ltat\u00e1st ny\u00fajtunk a tervez\u00e9st\u0151l az \u00e9p\u00edt\u00e9sen \u00e1t a bels\u0151 berendez\u00e9sig. a legmagasabb min\u0151s\u00e9g\u0171 anyagok \u00e9s modern technol\u00f3gi\u00e1k felhaszn\u00e1l\u00e1s\u00e1val h\u00e1zaink hossz\u00fa \u00e9vekre garant\u00e1lj\u00e1k a k\u00e9nyelmet \u00e9s a biztons\u00e1got. H\u00e1zak... <\/p>\n<div class=\"readmore\"><a href=\"https:\/\/homesrub.com\/hu\/domy-szkieletowe\/\" class=\"btn-link\">B\u0151vebben<\/a><\/div>","protected":false},"author":1,"featured_media":0,"parent":0,"menu_order":0,"comment_status":"closed","ping_status":"closed","template":"template-elementor-default.php","meta":{"_acf_changed":false,"footnotes":""},"class_list":["post-2612","page","type-page","status-publish","hentry"],"acf":[],"_links":{"self":[{"href":"https:\/\/homesrub.com\/hu\/wp-json\/wp\/v2\/pages\/2612"}],"collection":[{"href":"https:\/\/homesrub.com\/hu\/wp-json\/wp\/v2\/pages"}],"about":[{"href":"https:\/\/homesrub.com\/hu\/wp-json\/wp\/v2\/types\/page"}],"author":[{"embeddable":true,"href":"https:\/\/homesrub.com\/hu\/wp-json\/wp\/v2\/users\/1"}],"replies":[{"embeddable":true,"href":"https:\/\/homesrub.com\/hu\/wp-json\/wp\/v2\/comments?post=2612"}],"version-history":[{"count":9,"href":"https:\/\/homesrub.com\/hu\/wp-json\/wp\/v2\/pages\/2612\/revisions"}],"predecessor-version":[{"id":3842,"href":"https:\/\/homesrub.com\/hu\/wp-json\/wp\/v2\/pages\/2612\/revisions\/3842"}],"wp:attachment":[{"href":"https:\/\/homesrub.com\/hu\/wp-json\/wp\/v2\/media?parent=2612"}],"curies":[{"name":"wp","href":"https:\/\/api.w.org\/{rel}","templated":true}]}}